{"id":774,"date":"2019-03-15T15:58:25","date_gmt":"2019-03-15T14:58:25","guid":{"rendered":"https:\/\/www.compagnie-komusin.com\/?page_id=774"},"modified":"2025-09-16T13:33:25","modified_gmt":"2025-09-16T11:33:25","slug":"nous-contacter","status":"publish","type":"page","link":"https:\/\/www.compagnie-komusin.com\/index.php\/nous-contacter\/","title":{"rendered":"Nous contacter"},"content":{"rendered":"<section  class=\"section no\"><div class=\"row\"><div class=\"wpb_column col-md-6 have-padding\"><div class=\"item-padd-mob section-text text-block \" ><div class=\"simple-text md\"><h5><span style=\"color: #000000\"><strong>CONTACT<\/strong><\/span><\/h5>\n<div class=\"item-padd-mob section-text text-block \" ><div class=\"simple-text md\"><\/div><\/div>\n<h5><strong>Eun Young Lee: Chor\u00e9graphe et Danseuse<\/strong><\/h5>\n<h5><strong>Guillaume Mazard: Musicien<\/strong><\/h5>\n<p><a href=\"mailto:compagnie.komusin@gmail.com\">compagnie.komusin@gmail.com<\/a><\/p>\n<div class=\"item-padd-mob section-text text-block \" ><div class=\"simple-text md\"><\/div><\/div>\n<p>&nbsp;<\/p>\n<h5><strong>Adresse postale :<\/strong><\/h5>\n<p><span style=\"color: #000000\">Compagnie Komusin<\/span><\/p>\n<p><span style=\"color: #000000\">190 Boulevard Gustave Flaubert<\/span><\/p>\n<p><span style=\"color: #000000\">63000 Clermont Ferrand<\/span><\/p>\n<p>&nbsp;<\/p>\n<p>&nbsp;<\/p>\n<h5><strong data-start=\"205\" data-end=\"240\">La compagnie est soutenue par :<\/strong><\/h5>\n<p><br data-start=\"240\" data-end=\"243\" \/><span style=\"color: #000000\">Ville de Clermont-Ferrand \u00b7 Conseil D\u00e9partemental du Puy-de-D\u00f4me \u00b7 Spedidam \u00b7<\/span><br data-start=\"320\" data-end=\"323\" \/><span style=\"color: #000000\">Minist\u00e8re de la Culture \u2013 DRAC Auvergne\u2013Rh\u00f4ne\u2013Alpes \u00b7<\/span><br data-start=\"376\" data-end=\"379\" \/><span style=\"color: #000000\">Boom\u2019Structur \u2013 CDCN Clermont-Ferrand Auvergne\u2013Rh\u00f4ne-Alpes \u00b7 Ville de Ch\u00e2tel-Guyon<\/span><\/p>\n<p>&nbsp;<\/p>\n<\/div><\/div><\/div><div class=\"wpb_column col-md-6 have-padding\"><\/div><\/div><\/section>\n","protected":false},"excerpt":{"rendered":"CONTACT Eun Young Lee: Chor\u00e9graphe et Danseuse Guillaume Mazard: Musicien compagnie.komusin@gmail.com &nbsp; Adresse postale : Compagnie Komusin 190 Boulevard Gustave Flaubert 63000 Clermont Ferrand &nbsp; &nbsp; La compagnie est soutenue par : Ville de Clermont-Ferrand \u00b7 Conseil D\u00e9partemental du Puy-de-D\u00f4me \u00b7 Spedidam \u00b7Minist\u00e8re de la Culture \u2013 DRAC Auvergne\u2013Rh\u00f4ne\u2013Alpes \u00b7Boom\u2019Structur \u2013 CDCN Clermont-Ferrand Auvergne\u2013Rh\u00f4ne-Alpes \u00b7 [...]","protected":false},"author":2,"featured_media":2605,"parent":0,"menu_order":0,"comment_status":"closed","ping_status":"closed","template":"","meta":{"footnotes":""},"yoast_head":"<!-- This site is optimized with the Yoast SEO plugin v21.5 - https:\/\/yoast.com\/wordpress\/plugins\/seo\/ -->\n<title>Nous contacter &#8226; Compagnie Komusin<\/title>\n<meta name=\"robots\" content=\"index, follow, max-snippet:-1, max-image-preview:large, max-video-preview:-1\" \/>\n<link rel=\"canonical\" href=\"https:\/\/www.compagnie-komusin.com\/index.php\/nous-contacter\/\" \/>\n<meta property=\"og:locale\" content=\"fr_FR\" \/>\n<meta property=\"og:type\" content=\"article\" \/>\n<meta property=\"og:title\" content=\"Nous contacter &#8226; Compagnie Komusin\" \/>\n<meta property=\"og:url\" content=\"https:\/\/www.compagnie-komusin.com\/index.php\/nous-contacter\/\" \/>\n<meta property=\"og:site_name\" content=\"Compagnie Komusin\" \/>\n<meta property=\"article:publisher\" content=\"https:\/\/www.facebook.com\/komusin\/\" \/>\n<meta property=\"article:modified_time\" content=\"2025-09-16T11:33:25+00:00\" \/>\n<meta property=\"og:image\" content=\"https:\/\/www.compagnie-komusin.com\/wp-content\/uploads\/2021\/02\/\u00a9Compagnie-Komusinchristian-Rausch_6048-scaled.jpg\" \/>\n\t<meta property=\"og:image:width\" content=\"2560\" \/>\n\t<meta property=\"og:image:height\" content=\"1708\" \/>\n\t<meta property=\"og:image:type\" content=\"image\/jpeg\" \/>\n<meta name=\"twitter:card\" content=\"summary_large_image\" \/>\n<meta name=\"twitter:label1\" content=\"Dur\u00e9e de lecture estim\u00e9e\" \/>\n\t<meta name=\"twitter:data1\" content=\"1 minute\" \/>\n<script type=\"application\/ld+json\" class=\"yoast-schema-graph\">{\"@context\":\"https:\/\/schema.org\",\"@graph\":[{\"@type\":\"WebPage\",\"@id\":\"https:\/\/www.compagnie-komusin.com\/index.php\/nous-contacter\/\",\"url\":\"https:\/\/www.compagnie-komusin.com\/index.php\/nous-contacter\/\",\"name\":\"Nous contacter &#8226; Compagnie Komusin\",\"isPartOf\":{\"@id\":\"https:\/\/www.compagnie-komusin.com\/#website\"},\"datePublished\":\"2019-03-15T14:58:25+00:00\",\"dateModified\":\"2025-09-16T11:33:25+00:00\",\"breadcrumb\":{\"@id\":\"https:\/\/www.compagnie-komusin.com\/index.php\/nous-contacter\/#breadcrumb\"},\"inLanguage\":\"fr-FR\",\"potentialAction\":[{\"@type\":\"ReadAction\",\"target\":[\"https:\/\/www.compagnie-komusin.com\/index.php\/nous-contacter\/\"]}]},{\"@type\":\"BreadcrumbList\",\"@id\":\"https:\/\/www.compagnie-komusin.com\/index.php\/nous-contacter\/#breadcrumb\",\"itemListElement\":[{\"@type\":\"ListItem\",\"position\":1,\"name\":\"Accueil\",\"item\":\"https:\/\/www.compagnie-komusin.com\/\"},{\"@type\":\"ListItem\",\"position\":2,\"name\":\"Nous contacter\"}]},{\"@type\":\"WebSite\",\"@id\":\"https:\/\/www.compagnie-komusin.com\/#website\",\"url\":\"https:\/\/www.compagnie-komusin.com\/\",\"name\":\"Compagnie Komusin\",\"description\":\"Fond\u00e9e en 2009, la Compagnie Komusin produit des cr\u00e9ations chor\u00e9graphiques avec la chor\u00e9graphe et danseuse Eun-young Lee.\",\"publisher\":{\"@id\":\"https:\/\/www.compagnie-komusin.com\/#organization\"},\"potentialAction\":[{\"@type\":\"SearchAction\",\"target\":{\"@type\":\"EntryPoint\",\"urlTemplate\":\"https:\/\/www.compagnie-komusin.com\/?s={search_term_string}\"},\"query-input\":\"required name=search_term_string\"}],\"inLanguage\":\"fr-FR\"},{\"@type\":\"Organization\",\"@id\":\"https:\/\/www.compagnie-komusin.com\/#organization\",\"name\":\"Compagnie Komusin\",\"url\":\"https:\/\/www.compagnie-komusin.com\/\",\"logo\":{\"@type\":\"ImageObject\",\"inLanguage\":\"fr-FR\",\"@id\":\"https:\/\/www.compagnie-komusin.com\/#\/schema\/logo\/image\/\",\"url\":\"https:\/\/www.compagnie-komusin.com\/wp-content\/uploads\/2019\/03\/KOMUSIN-LOGO-handwriting--e1552319840933.png\",\"contentUrl\":\"https:\/\/www.compagnie-komusin.com\/wp-content\/uploads\/2019\/03\/KOMUSIN-LOGO-handwriting--e1552319840933.png\",\"width\":600,\"height\":147,\"caption\":\"Compagnie Komusin\"},\"image\":{\"@id\":\"https:\/\/www.compagnie-komusin.com\/#\/schema\/logo\/image\/\"},\"sameAs\":[\"https:\/\/www.facebook.com\/komusin\/\"]}]}<\/script>\n<!-- \/ Yoast SEO plugin. -->","yoast_head_json":{"title":"Nous contacter &#8226; Compagnie Komusin","robots":{"index":"index","follow":"follow","max-snippet":"max-snippet:-1","max-image-preview":"max-image-preview:large","max-video-preview":"max-video-preview:-1"},"canonical":"https:\/\/www.compagnie-komusin.com\/index.php\/nous-contacter\/","og_locale":"fr_FR","og_type":"article","og_title":"Nous contacter &#8226; Compagnie Komusin","og_url":"https:\/\/www.compagnie-komusin.com\/index.php\/nous-contacter\/","og_site_name":"Compagnie Komusin","article_publisher":"https:\/\/www.facebook.com\/komusin\/","article_modified_time":"2025-09-16T11:33:25+00:00","og_image":[{"width":2560,"height":1708,"url":"https:\/\/www.compagnie-komusin.com\/wp-content\/uploads\/2021\/02\/\u00a9Compagnie-Komusinchristian-Rausch_6048-scaled.jpg","type":"image\/jpeg"}],"twitter_card":"summary_large_image","twitter_misc":{"Dur\u00e9e de lecture estim\u00e9e":"1 minute"},"schema":{"@context":"https:\/\/schema.org","@graph":[{"@type":"WebPage","@id":"https:\/\/www.compagnie-komusin.com\/index.php\/nous-contacter\/","url":"https:\/\/www.compagnie-komusin.com\/index.php\/nous-contacter\/","name":"Nous contacter &#8226; Compagnie Komusin","isPartOf":{"@id":"https:\/\/www.compagnie-komusin.com\/#website"},"datePublished":"2019-03-15T14:58:25+00:00","dateModified":"2025-09-16T11:33:25+00:00","breadcrumb":{"@id":"https:\/\/www.compagnie-komusin.com\/index.php\/nous-contacter\/#breadcrumb"},"inLanguage":"fr-FR","potentialAction":[{"@type":"ReadAction","target":["https:\/\/www.compagnie-komusin.com\/index.php\/nous-contacter\/"]}]},{"@type":"BreadcrumbList","@id":"https:\/\/www.compagnie-komusin.com\/index.php\/nous-contacter\/#breadcrumb","itemListElement":[{"@type":"ListItem","position":1,"name":"Accueil","item":"https:\/\/www.compagnie-komusin.com\/"},{"@type":"ListItem","position":2,"name":"Nous contacter"}]},{"@type":"WebSite","@id":"https:\/\/www.compagnie-komusin.com\/#website","url":"https:\/\/www.compagnie-komusin.com\/","name":"Compagnie Komusin","description":"Fond\u00e9e en 2009, la Compagnie Komusin produit des cr\u00e9ations chor\u00e9graphiques avec la chor\u00e9graphe et danseuse Eun-young Lee.","publisher":{"@id":"https:\/\/www.compagnie-komusin.com\/#organization"},"potentialAction":[{"@type":"SearchAction","target":{"@type":"EntryPoint","urlTemplate":"https:\/\/www.compagnie-komusin.com\/?s={search_term_string}"},"query-input":"required name=search_term_string"}],"inLanguage":"fr-FR"},{"@type":"Organization","@id":"https:\/\/www.compagnie-komusin.com\/#organization","name":"Compagnie Komusin","url":"https:\/\/www.compagnie-komusin.com\/","logo":{"@type":"ImageObject","inLanguage":"fr-FR","@id":"https:\/\/www.compagnie-komusin.com\/#\/schema\/logo\/image\/","url":"https:\/\/www.compagnie-komusin.com\/wp-content\/uploads\/2019\/03\/KOMUSIN-LOGO-handwriting--e1552319840933.png","contentUrl":"https:\/\/www.compagnie-komusin.com\/wp-content\/uploads\/2019\/03\/KOMUSIN-LOGO-handwriting--e1552319840933.png","width":600,"height":147,"caption":"Compagnie Komusin"},"image":{"@id":"https:\/\/www.compagnie-komusin.com\/#\/schema\/logo\/image\/"},"sameAs":["https:\/\/www.facebook.com\/komusin\/"]}]}},"_links":{"self":[{"href":"https:\/\/www.compagnie-komusin.com\/index.php\/wp-json\/wp\/v2\/pages\/774"}],"collection":[{"href":"https:\/\/www.compagnie-komusin.com\/index.php\/wp-json\/wp\/v2\/pages"}],"about":[{"href":"https:\/\/www.compagnie-komusin.com\/index.php\/wp-json\/wp\/v2\/types\/page"}],"author":[{"embeddable":true,"href":"https:\/\/www.compagnie-komusin.com\/index.php\/wp-json\/wp\/v2\/users\/2"}],"replies":[{"embeddable":true,"href":"https:\/\/www.compagnie-komusin.com\/index.php\/wp-json\/wp\/v2\/comments?post=774"}],"version-history":[{"count":58,"href":"https:\/\/www.compagnie-komusin.com\/index.php\/wp-json\/wp\/v2\/pages\/774\/revisions"}],"predecessor-version":[{"id":3884,"href":"https:\/\/www.compagnie-komusin.com\/index.php\/wp-json\/wp\/v2\/pages\/774\/revisions\/3884"}],"wp:featuredmedia":[{"embeddable":true,"href":"https:\/\/www.compagnie-komusin.com\/index.php\/wp-json\/wp\/v2\/media\/2605"}],"wp:attachment":[{"href":"https:\/\/www.compagnie-komusin.com\/index.php\/wp-json\/wp\/v2\/media?parent=774"}],"curies":[{"name":"wp","href":"https:\/\/api.w.org\/{rel}","templated":true}]}}