{"id":754,"date":"2019-03-15T16:02:02","date_gmt":"2019-03-15T15:02:02","guid":{"rendered":"https:\/\/www.compagnie-komusin.com\/?page_id=754"},"modified":"2022-03-08T13:50:29","modified_gmt":"2022-03-08T12:50:29","slug":"compagnie","status":"publish","type":"page","link":"https:\/\/www.compagnie-komusin.com\/index.php\/compagnie\/","title":{"rendered":"La compagnie"},"content":{"rendered":"<section  class=\"section no\"><div class=\"row\"><div class=\"wpb_column col-md-12 have-padding\"><div class=\"item-padd-mob section-text text-block \" ><div class=\"simple-text md\"><p><span style=\"font-family: Times New Roman, serif\"><\/p>\n<\/div><\/div><\/div><\/div><\/section><section  class=\"section no\"><div class=\"row\"><div class=\"wpb_column col-md-12 have-padding\"><div class=\"item-padd-mob section-text text-block \" ><div class=\"simple-text md\"><p><\/span><\/p>\n<h1 class=\"western\">A propos de la Compagnie<\/h1>\n<div class=\"item-padd-mob section-text text-block \" ><div class=\"simple-text md\"><\/div><\/div>\n<p>Fond\u00e9e en 2009, la Compagnie Komusin produit des cr\u00e9ations chor\u00e9graphiques avec la chor\u00e9graphe et danseuse Eun-Young LEE.\u00a0 Elle commence alors un travail de cr\u00e9ation personnel. Ce travail est nourri de ses rencontres et influences artistiques mais aussi d\u2019une recherche sur ses origines, son identit\u00e9, le rapport qu\u2019elle entretient avec la France et la Cor\u00e9e. Ses cr\u00e9ations ont par cons\u00e9quent des traits culturels \u00e0 la fois orientaux et occidentaux. Lieu de r\u00e9flexion ouvert \u00e0 toutes disciplines artistiques, la compagnie m\u00e8ne des projets pluridisciplinaires qui se construisent en parall\u00e8le des compositions du musicien Guillaume MAZARD et des propositions d\u2019artistes visuels pour des projets artistiques m\u00ealant danse, Art vid\u00e9o et musique live.<\/p>\n<p>&nbsp;<\/p>\n<h2><span style=\"font-family: Times New Roman, serif\"><em><b>\u00ab\u00a0Komusin\u00a0\u00bb l&rsquo;origine du nom<\/b><\/em><\/span><\/h2>\n<p>En cor\u00e9en, KOMUSIN d\u00e9signe une paire de chaussures traditionnelles du d\u00e9but du XX\u00e8me si\u00e8cle. Sorte de mocassins en cuir, elles incarnent la modernisation du pays et son ouverture \u00e0 la culture occidentale. A l\u2019image du travail de la compagnie Komusin, les chemins de l\u2019Orient et de l\u2019Occident s\u2019y rejoignent pour donner naissance \u00e0 une nouvelle cr\u00e9ation.<\/p>\n<p>&nbsp;<\/p>\n<p>On ne choisit pas ses chaussures au hasard, elles refl\u00e8tent l\u2019\u00e9tat d\u2019\u00e2me et la personnalit\u00e9 de celui qui les porte. C\u2019est avec les gomusin ou <span lang=\"fr-FR\">\uace0\ubb34\uc2e0 <\/span>que la chor\u00e9graphe Eun Young Lee a d\u00e9cid\u00e9 d\u2019entreprendre sa qu\u00eate spirituelle et sa recherche d\u2019harmonie. Comme les hommes, les chaussures ont v\u00e9cu, ont vu mille lieux, et elles aussi ont une histoire \u00e0 raconter.<span style=\"font-family: Times New Roman, serif\"><\/p>\n<\/div><\/div><div  class=\"empty-space  marg-lg-b50\"><\/div><\/div><div class=\"wpb_column col-md-4 col-sm-9 align-center have-padding\"><div  class=\"image\"><img  class=\"resp-img\" src=\"https:\/\/www.compagnie-komusin.com\/wp-content\/uploads\/2011\/03\/3755Transports-Interieurs_.jpg\" alt=\"\"><\/div><div  class=\"empty-space  marg-lg-b120\"><\/div><div  class=\"image\"><img  class=\"resp-img\" src=\"https:\/\/www.compagnie-komusin.com\/wp-content\/uploads\/2019\/03\/Gomusin_5.jpg\" alt=\"\"><\/div><div  class=\"empty-space  marg-lg-b120\"><\/div><\/div><\/div><\/section><section  class=\"section no pt-100 pb-100\"><div class=\"row\"><div class=\"wpb_column col-md-12 have-padding\"><\/div><div class=\"item-padd-mob section-text text-block \" ><div class=\"simple-text md\"><p>\u00a0<\/span><\/p>\n<h1 class=\"western\">D\u00e9marche artistique &#8211; La Ligne Int\u00e9rieure<\/h1>\n<div class=\"item-padd-mob section-text text-block \" ><div class=\"simple-text md\"><\/div><\/div><br \/>\n<div class=\"item-padd-mob section-text text-block \" ><div class=\"simple-text md\"><\/div><\/div>\n<p>Ce concept regroupe des notions essentielles dans la d\u00e9marche artistique de la danseuse et chor\u00e9graphe Eun Young Lee: la respiration, le poids, l&rsquo;appuis, la pr\u00e9sence, la fluidit\u00e9 et l\u2019\u00e9nergie. La respiration est pour elle la composante la plus importante, elle pense la fluidit\u00e9 comme la nature de l&rsquo;eau. Elle utilise le centre du corps (bassin) comme point de d\u00e9part de tout mouvement, et est continuellement en qu\u00eate de postures du corps pour aiguiser l&rsquo;instant pr\u00e9sent et la sensibilit\u00e9. Ces \u00e9l\u00e9ments ainsi mis en perspective composent \u00ab la ligne Int\u00e9rieure \u00bb.<\/p>\n<div class=\"item-padd-mob section-text text-block \" ><div class=\"simple-text md\"><\/div><\/div>\n<p>De la culture occidentale, Eun Young tire un traitement cin\u00e9matographique de ses pi\u00e8ces. Ainsi, Woussou, Transports Int\u00e9rieurs et Han Gamjung Memory sont accompagn\u00e9s de courts-m\u00e9trage, cr\u00e9\u00e9s en lien direct avec le spectacle. La diffusion de ces films sur un ou plusieurs \u00e9crans habille l\u2019espace sc\u00e9nique et sert \u00e9galement de m\u00e9dium pour appuyer la port\u00e9e du message artistique d\u2019Eun Young Lee.<\/p>\n<div class=\"item-padd-mob section-text text-block \" ><div class=\"simple-text md\"><\/div><\/div>\n<p>Sa mani\u00e8re de mettre en sc\u00e8ne est marqu\u00e9e par sa longue exp\u00e9rience et sa formation en France. Elle aime le design \u00e9pur\u00e9 contemporain du nord de l\u2019Europe pour ses sc\u00e9nographies et les corps expressifs du cin\u00e9ma burlesque dans l\u2019interpr\u00e9tation. Les artistes dont elle appr\u00e9cie particuli\u00e8rement le travail sont Ron Mueck, Christian Rizzo, Cindy Sherman, Jacques Tati, Steve Paxton et Cindy Van Acker.<\/p>\n<div class=\"item-padd-mob section-text text-block \" ><div class=\"simple-text md\"><\/div><\/div>\n<p>A l\u2019occasion de tournages en Cor\u00e9e du Sud pour le spectacle \u2018Han Gamjung Memory\u2019 en 2015, Eun Young Lee a \u00e9t\u00e9 initi\u00e9e \u00e0 la discipline respiratoire Seokmun par Mr Jung qui la pratique depuis 25 ans. Il est \u00e9galement le fondateur et le directeur du \u2018Helen Keller Danceable\u2019, formation \u00e0 la m\u00e9ditation qui propose \u00e9galement des temps de pratique aux arts sc\u00e9niques \u00e0\u00a0 personnes handicap\u00e9es (principalement des non-voyants).<\/p>\n<div class=\"item-padd-mob section-text text-block \" ><div class=\"simple-text md\"><\/div><\/div>\n<p>Cette rencontre et cette discipline ont chang\u00e9 sa perception du monde, lui permettant de prendre de la distance avec ce qui \u00ab polluerait \u00bb le quotidien (l\u2019incompr\u00e9hension, l\u2019agressivit\u00e9\u2026) et l\u2019a encore plus connect\u00e9 avec son corps et l&rsquo;esprit. Elle souhaite partager cette nouvelle exp\u00e9rience avec les autres (collaborateurs, proches, public, etc.). Elle trouve aussi dans cette pratique un lien avec son concept de la ligne int\u00e9rieure (l\u2019\u00e9nergie, la fluidit\u00e9, le poids, la pr\u00e9sence et la respiration).<\/p>\n<div class=\"item-padd-mob section-text text-block \" ><div class=\"simple-text md\"><\/div><\/div><br \/>\n<div class=\"item-padd-mob section-text text-block \" ><div class=\"simple-text md\"><\/div><\/div>\n<p>&nbsp;<\/p>\n<h3 class=\"western\">Eun Young Lee <span style=\"font-family: MS Mincho, serif\">\u2666<\/span> Danseuse &amp; chor\u00e9graphe<\/h3>\n<p><img class=\"size-full wp-image-2740 alignleft\" src=\"https:\/\/www.compagnie-komusin.com\/wp-content\/uploads\/2021\/02\/PHOTO-2.jpg\" alt=\"\" width=\"570\" height=\"570\" \/>Eun Young Lee est n\u00e9e et a fait ses \u00e9tudes \u00e0 S\u00e9oul en Cor\u00e9e du Sud. Apr\u00e8s avoir obtenu une licence de Fran\u00e7ais \u00e0 l\u2019universit\u00e9 de Suwon, elle part vivre en France pour suivre\u00a0 sa formation de danse contemporaine en 1997 au CNDC (Centre National de Danse Contemporaine) d\u2019Angers. Elle int\u00e8gre alors L\u2019Esquisse, compagnie du CNDC d\u2019Angers, dirig\u00e9e par les chor\u00e9graphes Jo\u00eblle Bouvier\u00a0et\u00a0R\u00e9gis Obadia. Elle y travaille pendant 5 ans en prenant part \u00e0 des tourn\u00e9es nationales et internationales. Elle participe ainsi \u00e0 cinq cr\u00e9ations avec eux : Fureur, L\u2019oiseau Loup, De l\u2019Amour, Voyage d\u2019Orph\u00e9e et Une femme chaque nuit voyage en grand secret.<\/p>\n<p>&nbsp;<\/p>\n<p>Apr\u00e8s l\u2019obtention de son\u00a0dipl\u00f4me d\u2019Etat de Professeur de Danse\u00a0au Centre National de Danse de Pantin en 2004, Eun Young poursuit sa carri\u00e8re d\u2019artiste-interpr\u00e8te avec plusieurs compagnies : Cie Patrick Le Doare (2004), Cie Nouveau Jour (2005), Cie Heddy Maalem (2006-2008), Cie Teatri Del Vento (2008), Cie Kubilai Khan Investigations de\u00a0Franck Micheletti\u00a0(2008-2010) et Cie La Maison de Nasser Martin Gousset (2010).<\/p>\n<p>&nbsp;<\/p>\n<p>C\u2019est en 2009\u00a0 avec la compagnie Komusin qu\u2019Eun Young Lee commence un travail de cr\u00e9ation personnel nourri de ses rencontres, influences artistiques et recherches sur ses origines. Entre 2009 et 2018 , elle a con\u00e7u cinq cr\u00e9ations:\u00a0<a href=\"https:\/\/www.compagnie-komusin.com\/index.php\/portfolio\/728\/\">Woussou<\/a>,\u00a0<a href=\"https:\/\/www.compagnie-komusin.com\/index.php\/portfolio\/transports-interieurs-2011\/\">Transports int\u00e9rieurs<\/a>,\u00a0<a href=\"https:\/\/www.compagnie-komusin.com\/index.php\/portfolio\/roue-2013\/\">Roue<\/a>,\u00a0<a href=\"https:\/\/www.compagnie-komusin.com\/index.php\/portfolio\/han-gamjung-memory\/\">Han Gamjung Memory<\/a>\u00a0et\u00a0<a href=\"https:\/\/www.compagnie-komusin.com\/index.php\/portfolio\/ah-hi\/\">AH-HI<\/a> (enfant en fran\u00e7ais).Dans toutes ses cr\u00e9ations on retrouve la notion de \u00ab\u00a0Ligne Int\u00e9rieure\u00a0\u00bb. \u00abLa ligne Int\u00e9rieure\u00bb est la caract\u00e9ristique essentielle de sa danse , bas\u00e9e sur la recherche de l\u2019\u00e9coute de son \u00e9tat de corps (physique et mental). Selon cette id\u00e9e, la respiration, la pr\u00e9sence, la fluidit\u00e9, l\u2019\u00e9nergie ou encore les appuis suivent un itin\u00e9raire pr\u00e9cis au travers du corps-instrument . Cette \u00e9nergie se d\u00e9ploie en une charge \u00e9motionnelle qui se lib\u00e8re vers l\u2019ext\u00e9rieur.Tout commence \u00e0 l\u2019int\u00e9rieur de soi ! Un geste d\u2019abord infime surgit et va se mettre \u00e0 grandir. L\u2019\u00e9nergie est comme une roue qui se met en mouvement.<\/p>\n<\/div><\/div><div  class=\"empty-space  marg-lg-b20\"><\/div><div class=\"item-padd-mob section-text text-block \" ><div class=\"simple-text md\"><h3 class=\"western\">Guillaume Mazard <span style=\"font-family: MS Mincho, serif\">\u2666<\/span> Compositeur &amp; Musicien<\/h3>\n<p>&nbsp;<\/p>\n<p><img class=\"size-full wp-image-2742 alignleft\" src=\"https:\/\/www.compagnie-komusin.com\/wp-content\/uploads\/2021\/02\/PHOTO-3.jpg\" alt=\"\" width=\"570\" height=\"570\" \/>Guillaume Mazard est compositeur, musicien et co-fondateur du groupe instrumental\u00a0<a href=\"http:\/\/www.kafka-instrumental.fr\/\">Kafka<\/a>, cr\u00e9\u00e9 en 2002, avec lequel il enregistre six albums\u00a0: Kafka, O, Geografia, La Petite Marchande d\u2019allumettes, L\u2019Architecte et Namazu. Il a particip\u00e9 aux diff\u00e9rentes tourn\u00e9es fran\u00e7aises et europ\u00e9enne du groupe.<\/p>\n<p>&nbsp;<\/p>\n<p>Depuis cinq ans, il multiplie les exp\u00e9riences et les collaborations musicales en lien avec d\u2019autres formes d\u2019expressions artistiques, telles que les musiques actuelles et contemporaines, la danse, le th\u00e9\u00e2tre, le cin\u00e9 concert et les spectacles pluridisciplinaires (Nosfell, Vincent Segal, Ensemble instrumental Ars Nova). Ainsi il a particip\u00e9 \u00e0 la composition de la bande son du spectacle de danse \u201cVertige\u201d du chor\u00e9graphe Yan Raballan, ainsi que celle de Geografia pour la compagnie Kubilai Khan Investigation dirig\u00e9e par le chor\u00e9graphe Frank Micheletti. Il participe en tant qu\u2019interpr\u00e8te au spectacle Akouariom de Jhonathan Pontier avec l\u2019ensemble instrumental Ars Nova. Au sein de Kafka, il contribue \u00e0 la mise en sc\u00e8ne du spectacle musical \u00ab\u00a0Namazu\u00a0\u00bb, avec la chor\u00e9graphe Eun Young Lee et le dessinateur David Myriam (sand art). Il participe \u00e9galement \u00e0 la cr\u00e9ation des cin\u00e9-concerts \u00ab\u00a0La chute de la maison Usher\u00a0\u00bb film de Jean Epstein, \u00ab\u00a0L\u2019Architecte\u00a0\u00bb film d\u2019animation de Marc Bauer, La \u00ab\u00a0Petite Marchande d\u2019Allumette\u00a0\u00bb de Jean Renoir et \u00ab\u00a0Faust\u00a0\u00bb de FW Murnau.<\/p>\n<p>&nbsp;<\/p>\n<p>Depuis 2009, il collabore avec la chor\u00e9graphe Eun Young Lee avec qui il travaille pour la Compagnie KOMUSIN dont il compose et interpr\u00e8te en solo la musique des spectacles : Woussou (2009), Transports Int\u00e9rieurs (2011), Roue (2013), Han Gamjung Memory (2016), AH HI (2018) ainsi que la musique des films \u00ab The lady in red \u00bb, (art vid\u00e9o \u2013 2017), \u00ab S Travel \u00bb (vid\u00e9o danse) et le documentaire \u00ab Le souffle, un partage d\u2019\u00e9motions \u00bb (2019)<\/p>\n<p>&nbsp;<\/p>\n<p>Il participe \u00e9galement aux performances dans l\u2019espace public propos\u00e9es par la compagnie et \u00e0 ses tourn\u00e9es en France, en Italie et en Cor\u00e9e du Sud.<\/p>\n<p>&nbsp;<\/p>\n<p>Sa d\u00e9marche musicale personnelle se base sur une approche instrumentale (guitare, basse, mandoline, synth\u00e9tiseurs, percussions, looper), bas\u00e9e sur l\u2019exp\u00e9rimentation et teint\u00e9e de musique \u00e9lectronique.<\/p>\n<p>&nbsp;<\/p>\n<p>Son bagage technique nourrit \u00e9galement sa recherche et sa d\u00e9marche artistique :<\/p>\n<p>\u2013 R\u00e9gisseur du P\u00f4le Chor\u00e9graphique\u00a0 \u2013 responsable unique de s\u00e9curit\u00e9 de Clermont (Espace municipale la Diode)<\/p>\n<p>\u2013 R\u00e9gisseur pour le Festival les Contreplong\u00e9es<\/p>\n<p>\u2013 R\u00e9gisseur plateau \u00e0 l\u2019op\u00e9ra Th\u00e9\u00e2tre de Clermont-Ferrand<\/p>\n<p>\u2013 R\u00e9gisseur plateau \u00e0 la maison de la Culture\u00a0 de Clermont-Ferrand<\/p>\n<p>\u2013 R\u00e9gisseur et technicien plateau \u00e0 la Coop\u00e9rative de Mai \u2013 Festival Europavox<\/p>\n<p>\u2013 R\u00e9gisseur pour Boom Structure<\/p>\n<p>&nbsp;<\/p>\n<p>Formations\u00a0:<\/p>\n<p>\u2013\u00a0 \u00ab S\u00e9curit\u00e9 des lieux de spectacles \u00bb \u2013 Les formations d\u2019Issoudun<\/p>\n<p>\u2013\u00a0\u00a0 Musique assist\u00e9e par ordinateur \u2013 Mix Mastering \u2013 Centre de Formation SON | MULTIMEDIA SAFFRAY (Lyon)<\/p>\n<p>&nbsp;<\/p>\n<p>Pour d\u00e9couvrir la musique originale des spectacles de la Compagnie Komusin :\u00a0<a href=\"http:\/\/guillaumemazard.bandcamp.com\/\">http:\/\/guillaumemazard.bandcamp.com\/<\/a><\/p>\n<\/div><\/div><\/div><\/section><section  class=\"section no\"><div class=\"row\"><div class=\"wpb_column col-md-12 have-padding\"><div class=\"item-padd-mob section-text text-block \" ><div class=\"simple-text md\"><p>&nbsp;<\/p>\n<\/div><\/div><\/div><\/div><\/section>\n","protected":false},"excerpt":{"rendered":"A propos de la Compagnie Fond\u00e9e en 2009, la Compagnie Komusin produit des cr\u00e9ations chor\u00e9graphiques avec la chor\u00e9graphe et danseuse Eun-Young LEE.\u00a0 Elle commence alors un travail de cr\u00e9ation personnel. Ce travail est nourri de ses rencontres et influences artistiques mais aussi d\u2019une recherche sur ses origines, son identit\u00e9, le rapport qu\u2019elle entretient avec la [...]","protected":false},"author":1,"featured_media":0,"parent":0,"menu_order":0,"comment_status":"closed","ping_status":"closed","template":"","meta":{"footnotes":""},"yoast_head":"<!-- This site is optimized with the Yoast SEO plugin v21.5 - https:\/\/yoast.com\/wordpress\/plugins\/seo\/ -->\n<title>La compagnie &#8226; Compagnie Komusin<\/title>\n<meta name=\"robots\" content=\"index, follow, max-snippet:-1, max-image-preview:large, max-video-preview:-1\" \/>\n<link rel=\"canonical\" href=\"https:\/\/www.compagnie-komusin.com\/index.php\/compagnie\/\" \/>\n<meta property=\"og:locale\" content=\"fr_FR\" \/>\n<meta property=\"og:type\" content=\"article\" \/>\n<meta property=\"og:title\" content=\"La compagnie &#8226; Compagnie Komusin\" \/>\n<meta property=\"og:url\" content=\"https:\/\/www.compagnie-komusin.com\/index.php\/compagnie\/\" \/>\n<meta property=\"og:site_name\" content=\"Compagnie Komusin\" \/>\n<meta property=\"article:publisher\" content=\"https:\/\/www.facebook.com\/komusin\/\" \/>\n<meta property=\"article:modified_time\" content=\"2022-03-08T12:50:29+00:00\" \/>\n<meta property=\"og:image\" content=\"https:\/\/www.compagnie-komusin.com\/wp-content\/uploads\/2021\/02\/PHOTO-2.jpg\" \/>\n<meta name=\"twitter:card\" content=\"summary_large_image\" \/>\n<meta name=\"twitter:label1\" content=\"Dur\u00e9e de lecture estim\u00e9e\" \/>\n\t<meta name=\"twitter:data1\" content=\"7 minutes\" \/>\n<script type=\"application\/ld+json\" class=\"yoast-schema-graph\">{\"@context\":\"https:\/\/schema.org\",\"@graph\":[{\"@type\":\"WebPage\",\"@id\":\"https:\/\/www.compagnie-komusin.com\/index.php\/compagnie\/\",\"url\":\"https:\/\/www.compagnie-komusin.com\/index.php\/compagnie\/\",\"name\":\"La compagnie &#8226; Compagnie Komusin\",\"isPartOf\":{\"@id\":\"https:\/\/www.compagnie-komusin.com\/#website\"},\"datePublished\":\"2019-03-15T15:02:02+00:00\",\"dateModified\":\"2022-03-08T12:50:29+00:00\",\"breadcrumb\":{\"@id\":\"https:\/\/www.compagnie-komusin.com\/index.php\/compagnie\/#breadcrumb\"},\"inLanguage\":\"fr-FR\",\"potentialAction\":[{\"@type\":\"ReadAction\",\"target\":[\"https:\/\/www.compagnie-komusin.com\/index.php\/compagnie\/\"]}]},{\"@type\":\"BreadcrumbList\",\"@id\":\"https:\/\/www.compagnie-komusin.com\/index.php\/compagnie\/#breadcrumb\",\"itemListElement\":[{\"@type\":\"ListItem\",\"position\":1,\"name\":\"Accueil\",\"item\":\"https:\/\/www.compagnie-komusin.com\/\"},{\"@type\":\"ListItem\",\"position\":2,\"name\":\"La compagnie\"}]},{\"@type\":\"WebSite\",\"@id\":\"https:\/\/www.compagnie-komusin.com\/#website\",\"url\":\"https:\/\/www.compagnie-komusin.com\/\",\"name\":\"Compagnie Komusin\",\"description\":\"Fond\u00e9e en 2009, la Compagnie Komusin produit des cr\u00e9ations chor\u00e9graphiques avec la chor\u00e9graphe et danseuse Eun-young Lee.\",\"publisher\":{\"@id\":\"https:\/\/www.compagnie-komusin.com\/#organization\"},\"potentialAction\":[{\"@type\":\"SearchAction\",\"target\":{\"@type\":\"EntryPoint\",\"urlTemplate\":\"https:\/\/www.compagnie-komusin.com\/?s={search_term_string}\"},\"query-input\":\"required name=search_term_string\"}],\"inLanguage\":\"fr-FR\"},{\"@type\":\"Organization\",\"@id\":\"https:\/\/www.compagnie-komusin.com\/#organization\",\"name\":\"Compagnie Komusin\",\"url\":\"https:\/\/www.compagnie-komusin.com\/\",\"logo\":{\"@type\":\"ImageObject\",\"inLanguage\":\"fr-FR\",\"@id\":\"https:\/\/www.compagnie-komusin.com\/#\/schema\/logo\/image\/\",\"url\":\"https:\/\/www.compagnie-komusin.com\/wp-content\/uploads\/2019\/03\/KOMUSIN-LOGO-handwriting--e1552319840933.png\",\"contentUrl\":\"https:\/\/www.compagnie-komusin.com\/wp-content\/uploads\/2019\/03\/KOMUSIN-LOGO-handwriting--e1552319840933.png\",\"width\":600,\"height\":147,\"caption\":\"Compagnie Komusin\"},\"image\":{\"@id\":\"https:\/\/www.compagnie-komusin.com\/#\/schema\/logo\/image\/\"},\"sameAs\":[\"https:\/\/www.facebook.com\/komusin\/\"]}]}<\/script>\n<!-- \/ Yoast SEO plugin. -->","yoast_head_json":{"title":"La compagnie &#8226; Compagnie Komusin","robots":{"index":"index","follow":"follow","max-snippet":"max-snippet:-1","max-image-preview":"max-image-preview:large","max-video-preview":"max-video-preview:-1"},"canonical":"https:\/\/www.compagnie-komusin.com\/index.php\/compagnie\/","og_locale":"fr_FR","og_type":"article","og_title":"La compagnie &#8226; Compagnie Komusin","og_url":"https:\/\/www.compagnie-komusin.com\/index.php\/compagnie\/","og_site_name":"Compagnie Komusin","article_publisher":"https:\/\/www.facebook.com\/komusin\/","article_modified_time":"2022-03-08T12:50:29+00:00","og_image":[{"url":"https:\/\/www.compagnie-komusin.com\/wp-content\/uploads\/2021\/02\/PHOTO-2.jpg"}],"twitter_card":"summary_large_image","twitter_misc":{"Dur\u00e9e de lecture estim\u00e9e":"7 minutes"},"schema":{"@context":"https:\/\/schema.org","@graph":[{"@type":"WebPage","@id":"https:\/\/www.compagnie-komusin.com\/index.php\/compagnie\/","url":"https:\/\/www.compagnie-komusin.com\/index.php\/compagnie\/","name":"La compagnie &#8226; Compagnie Komusin","isPartOf":{"@id":"https:\/\/www.compagnie-komusin.com\/#website"},"datePublished":"2019-03-15T15:02:02+00:00","dateModified":"2022-03-08T12:50:29+00:00","breadcrumb":{"@id":"https:\/\/www.compagnie-komusin.com\/index.php\/compagnie\/#breadcrumb"},"inLanguage":"fr-FR","potentialAction":[{"@type":"ReadAction","target":["https:\/\/www.compagnie-komusin.com\/index.php\/compagnie\/"]}]},{"@type":"BreadcrumbList","@id":"https:\/\/www.compagnie-komusin.com\/index.php\/compagnie\/#breadcrumb","itemListElement":[{"@type":"ListItem","position":1,"name":"Accueil","item":"https:\/\/www.compagnie-komusin.com\/"},{"@type":"ListItem","position":2,"name":"La compagnie"}]},{"@type":"WebSite","@id":"https:\/\/www.compagnie-komusin.com\/#website","url":"https:\/\/www.compagnie-komusin.com\/","name":"Compagnie Komusin","description":"Fond\u00e9e en 2009, la Compagnie Komusin produit des cr\u00e9ations chor\u00e9graphiques avec la chor\u00e9graphe et danseuse Eun-young Lee.","publisher":{"@id":"https:\/\/www.compagnie-komusin.com\/#organization"},"potentialAction":[{"@type":"SearchAction","target":{"@type":"EntryPoint","urlTemplate":"https:\/\/www.compagnie-komusin.com\/?s={search_term_string}"},"query-input":"required name=search_term_string"}],"inLanguage":"fr-FR"},{"@type":"Organization","@id":"https:\/\/www.compagnie-komusin.com\/#organization","name":"Compagnie Komusin","url":"https:\/\/www.compagnie-komusin.com\/","logo":{"@type":"ImageObject","inLanguage":"fr-FR","@id":"https:\/\/www.compagnie-komusin.com\/#\/schema\/logo\/image\/","url":"https:\/\/www.compagnie-komusin.com\/wp-content\/uploads\/2019\/03\/KOMUSIN-LOGO-handwriting--e1552319840933.png","contentUrl":"https:\/\/www.compagnie-komusin.com\/wp-content\/uploads\/2019\/03\/KOMUSIN-LOGO-handwriting--e1552319840933.png","width":600,"height":147,"caption":"Compagnie Komusin"},"image":{"@id":"https:\/\/www.compagnie-komusin.com\/#\/schema\/logo\/image\/"},"sameAs":["https:\/\/www.facebook.com\/komusin\/"]}]}},"_links":{"self":[{"href":"https:\/\/www.compagnie-komusin.com\/index.php\/wp-json\/wp\/v2\/pages\/754"}],"collection":[{"href":"https:\/\/www.compagnie-komusin.com\/index.php\/wp-json\/wp\/v2\/pages"}],"about":[{"href":"https:\/\/www.compagnie-komusin.com\/index.php\/wp-json\/wp\/v2\/types\/page"}],"author":[{"embeddable":true,"href":"https:\/\/www.compagnie-komusin.com\/index.php\/wp-json\/wp\/v2\/users\/1"}],"replies":[{"embeddable":true,"href":"https:\/\/www.compagnie-komusin.com\/index.php\/wp-json\/wp\/v2\/comments?post=754"}],"version-history":[{"count":81,"href":"https:\/\/www.compagnie-komusin.com\/index.php\/wp-json\/wp\/v2\/pages\/754\/revisions"}],"predecessor-version":[{"id":3008,"href":"https:\/\/www.compagnie-komusin.com\/index.php\/wp-json\/wp\/v2\/pages\/754\/revisions\/3008"}],"wp:attachment":[{"href":"https:\/\/www.compagnie-komusin.com\/index.php\/wp-json\/wp\/v2\/media?parent=754"}],"curies":[{"name":"wp","href":"https:\/\/api.w.org\/{rel}","templated":true}]}}