{"id":179,"date":"2016-06-23T12:08:34","date_gmt":"2016-06-23T12:08:34","guid":{"rendered":"http:\/\/themebubble.com\/demo\/adios\/?page_id=179"},"modified":"2025-09-15T14:57:44","modified_gmt":"2025-09-15T12:57:44","slug":"home-2","status":"publish","type":"page","link":"https:\/\/www.compagnie-komusin.com\/","title":{"rendered":"Accueil"},"content":{"rendered":"<section  class=\"section full_stretch_row_content fullwidth\"><div class=\"row\"><div class=\"wpb_column col-md-12 have-padding\"><div  class=\"top-baner bottom-margin swiper-anime-2 arrow-closest poind-closest\"><div class=\"swiper-container top-slider\" data-autoplay=\"0\" data-loop=\"1\" data-speed=\"600\" data-center=\"0\" data-slides-per-view=\"1\"><div class=\"swiper-wrapper\"><div class=\"swiper-slide first-slide\" data-val=\"0\"><div class=\"block-bg type-2\"><div class=\"bg-wrap\"><div class=\"bg\" style=\"background-image:url(https:\/\/www.compagnie-komusin.com\/wp-content\/uploads\/2025\/09\/Salda-9-scaled.jpg)\"><\/div><div class=\"white-mobile-layer\"><\/div><\/div><div class=\"title-style-3 vertical-align\"><h1 class=\"h1 big-heading\">SALDA<\/h1><p class=\"font-type small-heading sub-title-2\">Une chor\u00e9graphie Interdisciplinaire<br \/>\nCr\u00e9ation 2026<\/p><div class=\"slide-button\"><a href=\"https:\/\/www.compagnie-komusin.com\/index.php\/portfolio\/salda-creation-2026\/\" title=\"EN SAVOIR +\" target=\"_self\" class=\"link-type-3\"><span><\/span>En savoir +<\/a><\/div><\/div><\/div><\/div><div class=\"swiper-slide \" data-val=\"1\"><div class=\"block-bg type-2\"><div class=\"bg-wrap\"><div class=\"bg\" style=\"background-image:url(https:\/\/www.compagnie-komusin.com\/wp-content\/uploads\/2022\/09\/2021-07-18-CIE-KOMUSIN_WEB-37.jpg)\"><\/div><div class=\"white-mobile-layer\"><\/div><\/div><div class=\"title-style-3 vertical-align\"><h1 class=\"h1 big-heading\">KOMUSIN<\/h1><p class=\"font-type small-heading sub-title-2\">La Compagnie<\/p><div class=\"slide-button\"><a href=\"https:\/\/www.compagnie-komusin.com\/index.php\/compagnie\/\" title=\"A propos\" target=\"_self\" class=\"link-type-3\"><span><\/span>A Propos<\/a><\/div><\/div><\/div><\/div><div class=\"swiper-slide \" data-val=\"2\"><div class=\"block-bg type-2\"><div class=\"bg-wrap\"><div class=\"bg\" style=\"background-image:url(https:\/\/www.compagnie-komusin.com\/wp-content\/uploads\/2019\/06\/2019-08-07-COMPAGNIE-KOMOUSIN_julien-bruhat-photographe-75-2.jpg)\"><\/div><div class=\"white-mobile-layer\"><\/div><\/div><div class=\"title-style-3 vertical-align\"><h1 class=\"h1 big-heading\">CALENDRIER<\/h1><p class=\"font-type small-heading sub-title-2\"><\/p><div class=\"slide-button\"><a href=\"https:\/\/www.compagnie-komusin.com\/index.php\/calendrier\/\" title=\"EN SAVOIR +\" target=\"_self\" class=\"link-type-3\"><span><\/span>EN SAVOIR +<\/a><\/div><\/div><\/div><\/div><div class=\"swiper-slide \" data-val=\"3\"><div class=\"block-bg type-2\"><div class=\"bg-wrap\"><div class=\"bg\" style=\"background-image:url(https:\/\/www.compagnie-komusin.com\/wp-content\/uploads\/2023\/04\/Contour.GROUPE.LABO_.1-scaled.jpg)\"><\/div><div class=\"white-mobile-layer\"><\/div><\/div><div class=\"title-style-3 vertical-align\"><h1 class=\"h1 big-heading\">LA LIGNE<br \/>\nINT\u00c9RIEURE<\/h1><p class=\"font-type small-heading sub-title-2\">Laboratoire de recherche Chor\u00e9graphique 2023<\/p><div class=\"slide-button\"><a href=\"https:\/\/www.compagnie-komusin.com\/index.php\/la-ligne-interieure\/\" title=\"button\" target=\"_self\" class=\"link-type-3\"><span><\/span>EN SAVOIR+<\/a><\/div><\/div><\/div><\/div><div class=\"swiper-slide \" data-val=\"4\"><div class=\"block-bg type-2\"><div class=\"bg-wrap\"><div class=\"bg\" style=\"background-image:url(https:\/\/www.compagnie-komusin.com\/wp-content\/uploads\/2020\/09\/Capture-d\u2019e\u0301cran-2020-09-16-a\u0300-18.38.30.png)\"><\/div><div class=\"white-mobile-layer\"><\/div><\/div><div class=\"title-style-3 vertical-align\"><h1 class=\"h1 big-heading\">COURS\/ATELIERS<\/h1><p class=\"font-type small-heading sub-title-2\"><\/p><div class=\"slide-button\"><a href=\"https:\/\/www.compagnie-komusin.com\/index.php\/cours-ateliers\/\" title=\"EN SAVOIR +\" target=\"_self\" class=\"link-type-3\"><span><\/span>EN SAVOIR +<\/a><\/div><\/div><\/div><\/div><\/div><div class=\"pagination hidden\"><\/div><div class=\"swipe-arrow-type-1\"><div class=\"swiper-arrow-left swipe-arrow\"><i class=\"icon-left-open-mini\"><\/i><\/div><div class=\"swiper-arrow-right swipe-arrow\"><i class=\"icon-right-open-mini\"><\/i><\/div><\/div><\/div><div class=\"slider-number\"><span><\/span>\/<b><\/b><\/div><\/div><\/div><\/div><\/section><section  class=\"section no pt-40 pb-100\"><div class=\"row\"><div class=\"wpb_column col-md-8 col-sm-3 align-center have-padding\"><\/div><\/div><\/section><section  class=\"section no pt-100 pb-100\"><div class=\"row\"><div class=\"wpb_column col-md-12 have-padding\">      <div class=\"pf-wrapper \">\r\n\r\n        <div class=\"row\">\r\n                    <div class=\"col-md-2 col-sm-3\">\r\n            <div class=\"title-style-2 wow zoomIn\" data-wow-delay=\"0.2s\">\r\n              <div class=\"sub-title\">\r\n                <h5 class=\"h5\">NOS DERNI\u00c8RES CR\u00c9ATIONS<\/h5>\r\n              <\/div>\r\n            <\/div>\r\n          <\/div>\r\n          \r\n                    <div class=\"col-md-10 col-sm-9\">\r\n            <div class=\"xx-filter filters wow zoomIn\" data-wow-delay=\"0.3s\">\r\n              <div class=\"drop-filter\"><span>All <\/span><i class=\"icon-down-open-mini\"><\/i><\/div>\r\n                <ul class=\"filter-mob-list\">\r\n                  <li class=\"active\" data-filter=\"*\">All<\/li>\r\n                                      <li data-filter=\".danse\">Danse<\/li>\r\n                                  <\/ul>\r\n            <\/div>\r\n          <\/div>\r\n          \r\n        <\/div>\r\n\r\n        <div class=\"row ajx-pf-container\">\r\n          <div class=\"izotope-container lightgallery\">\r\n            <div class=\"grid-sizer\"><\/div>\r\n                  <div class=\"item masonry-item pf-item wh-25 danse\">\r\n        <div class=\"item-drid-size\">\r\n          <img src=\"https:\/\/www.compagnie-komusin.com\/wp-content\/uploads\/2025\/09\/Salda-6-270x570.jpg\" alt=\"\" class=\"resp-img\">\r\n          <a href=\"https:\/\/www.compagnie-komusin.com\/index.php\/portfolio\/salda-creation-2026\/\" class=\"link-wrap  item-hov\"><span><\/span><span><\/span><\/a>\r\n        <\/div>\r\n      <\/div>\r\n            <div class=\"item masonry-item pf-item wh-50 danse\">\r\n        <div class=\"item-drid-size\">\r\n          <img src=\"https:\/\/www.compagnie-komusin.com\/wp-content\/uploads\/2021\/11\/Capture-de\u0301cran-2021-11-29-a\u0300-14.25.45-570x570.png\" alt=\"\" class=\"resp-img\">\r\n          <a href=\"https:\/\/www.compagnie-komusin.com\/index.php\/portfolio\/le-poil-de-la-moustache-du-tigre\/\" class=\"link-wrap  item-hov\"><span><\/span><span><\/span><\/a>\r\n        <\/div>\r\n      <\/div>\r\n            <div class=\"item masonry-item pf-item wh-25 danse\">\r\n        <div class=\"item-drid-size\">\r\n          <img src=\"https:\/\/www.compagnie-komusin.com\/wp-content\/uploads\/2020\/02\/39BD-Ree\u0307sidence-Komusin-La-Diode-mai-2020-photo-Anne-Sophie-Emard-270x270.jpg\" alt=\"\" class=\"resp-img\">\r\n          <a href=\"https:\/\/www.compagnie-komusin.com\/index.php\/portfolio\/corps-espace-dialogue4creation-2020-2021\/\" class=\"link-wrap  item-hov\"><span><\/span><span><\/span><\/a>\r\n        <\/div>\r\n      <\/div>\r\n            <div class=\"item masonry-item pf-item wh-25 danse\">\r\n        <div class=\"item-drid-size\">\r\n          <img src=\"https:\/\/www.compagnie-komusin.com\/wp-content\/uploads\/2019\/06\/2019-08-07-COMPAGNIE-KOMOUSIN_julien-bruhat-photographe-71-270x270.jpg\" alt=\"\" class=\"resp-img\">\r\n          <a href=\"https:\/\/www.compagnie-komusin.com\/index.php\/portfolio\/corps-espace-dialogue-2019\/\" class=\"link-wrap  item-hov\"><span><\/span><span><\/span><\/a>\r\n        <\/div>\r\n      <\/div>\r\n            <div class=\"item masonry-item pf-item wh-25 danse\">\r\n        <div class=\"item-drid-size\">\r\n          <img src=\"https:\/\/www.compagnie-komusin.com\/wp-content\/uploads\/2016\/08\/IMG_2009-270x570.jpg\" alt=\"\" class=\"resp-img\">\r\n          <a href=\"https:\/\/www.compagnie-komusin.com\/index.php\/portfolio\/ah-hi\/\" class=\"link-wrap  item-hov\"><span><\/span><span><\/span><\/a>\r\n        <\/div>\r\n      <\/div>\r\n            <div class=\"item masonry-item pf-item wh-50 danse\">\r\n        <div class=\"item-drid-size\">\r\n          <img src=\"https:\/\/www.compagnie-komusin.com\/wp-content\/uploads\/2016\/08\/Komusin-570x570.jpg\" alt=\"\" class=\"resp-img\">\r\n          <a href=\"https:\/\/www.compagnie-komusin.com\/index.php\/portfolio\/han-gamjung-memory\/\" class=\"link-wrap  item-hov\"><span><\/span><span><\/span><\/a>\r\n        <\/div>\r\n      <\/div>\r\n            <div class=\"item masonry-item pf-item wh-25 danse\">\r\n        <div class=\"item-drid-size\">\r\n          <img src=\"https:\/\/www.compagnie-komusin.com\/wp-content\/uploads\/2019\/03\/CRI_6026-270x270.jpg\" alt=\"\" class=\"resp-img\">\r\n          <a href=\"https:\/\/www.compagnie-komusin.com\/index.php\/portfolio\/roue-2013\/\" class=\"link-wrap  item-hov\"><span><\/span><span><\/span><\/a>\r\n        <\/div>\r\n      <\/div>\r\n            <div class=\"item masonry-item pf-item wh-25 danse\">\r\n        <div class=\"item-drid-size\">\r\n          <img src=\"https:\/\/www.compagnie-komusin.com\/wp-content\/uploads\/2019\/03\/3672-270x270.jpg\" alt=\"\" class=\"resp-img\">\r\n          <a href=\"https:\/\/www.compagnie-komusin.com\/index.php\/portfolio\/transports-interieurs-2011\/\" class=\"link-wrap  item-hov\"><span><\/span><span><\/span><\/a>\r\n        <\/div>\r\n      <\/div>\r\n            <div class=\"item masonry-item pf-item wh-25 danse\">\r\n        <div class=\"item-drid-size\">\r\n          <img src=\"https:\/\/www.compagnie-komusin.com\/wp-content\/uploads\/2019\/03\/woussou-270x570.jpg\" alt=\"\" class=\"resp-img\">\r\n          <a href=\"https:\/\/www.compagnie-komusin.com\/index.php\/portfolio\/728\/\" class=\"link-wrap  item-hov\"><span><\/span><span><\/span><\/a>\r\n        <\/div>\r\n      <\/div>\r\n      \r\n          <\/div>\r\n        <\/div>\r\n        \r\n      <\/div>\r\n      <\/div><\/div><\/section><section  class=\"section no poind-closest pb-100 mt-100\"><div class=\"row\"><div class=\"wpb_column col-md-12 have-padding\"><div class=\"item-padd-mob section-text text-block \" ><div class=\"simple-text md\"><p><span style=\"font-size: small\"><b>ILS NOUS SOUTIENNENT<\/b><\/span><\/p>\n<\/div><\/div><div  class=\"swiper-container poind-closest\" data-autoplay=\"0\" data-loop=\"0\" data-speed=\"1000\" data-center=\"0\" data-slides-per-view=\"responsive\" data-xs-slides=\"2\" data-sm-slides=\"4\" data-md-slides=\"5\" data-lg-slides=\"5\" data-add-slides=\"5\"><div class=\"swiper-wrapper\"><div class=\"swiper-slide\"><div class=\"logo-item wow zoomIn\" data-wow-delay=\"0.2s\"><img src=\"https:\/\/www.compagnie-komusin.com\/wp-content\/uploads\/2019\/03\/pdd.jpg\" alt=\"\"><\/div><\/div><div class=\"swiper-slide\"><div class=\"logo-item wow zoomIn\" data-wow-delay=\"0.4s\"><img src=\"https:\/\/www.compagnie-komusin.com\/wp-content\/uploads\/2019\/03\/aura.jpg\" alt=\"\"><\/div><\/div><div class=\"swiper-slide\"><div class=\"logo-item wow zoomIn\" data-wow-delay=\"0.6s\"><img src=\"https:\/\/www.compagnie-komusin.com\/wp-content\/uploads\/2019\/03\/culture.jpg\" alt=\"\"><\/div><\/div><div class=\"swiper-slide\"><div class=\"logo-item wow zoomIn\" data-wow-delay=\"0.8s\"><img src=\"https:\/\/www.compagnie-komusin.com\/wp-content\/uploads\/2019\/03\/spedidam.jpg\" alt=\"\"><\/div><\/div><div class=\"swiper-slide\"><div class=\"logo-item wow zoomIn\" data-wow-delay=\"1s\"><img src=\"https:\/\/www.compagnie-komusin.com\/wp-content\/uploads\/2019\/03\/vcf.jpg\" alt=\"\"><\/div><\/div><div class=\"swiper-slide\"><div class=\"logo-item wow zoomIn\" data-wow-delay=\"1.2s\"><img src=\"https:\/\/www.compagnie-komusin.com\/wp-content\/uploads\/2019\/03\/agence-louise.jpg\" alt=\"\"><\/div><\/div><div class=\"swiper-slide\"><div class=\"logo-item wow zoomIn\" data-wow-delay=\"1.4s\"><img src=\"https:\/\/www.compagnie-komusin.com\/wp-content\/uploads\/2019\/03\/coree-france.jpg\" alt=\"\"><\/div><\/div><\/div><div class=\"pagination hidden\"><\/div><\/div><\/div><\/div><\/section><section  class=\"section no\"><div class=\"row\"><div class=\"wpb_column col-md-12 have-padding\"><div class=\"item-padd-mob section-text text-block \" ><div class=\"simple-text md\"><p>&nbsp;<\/p>\n<\/div><\/div><\/div><\/div><\/section>\n","protected":false},"excerpt":{"rendered":"Cr\u00e9dit photo : Karine Oortmeyer [vc_images_carousel images=\"1477,1479,1481,1483,1485,1487,1491,1493,1497,1499,1505,1507,1515,1517,1523\" img_size=\"800x400\" speed=\"2000\" autoplay=\"yes\" hide_pagination_control=\"yes\" css_animation=\"bounceIn\"]Woussou \/ Cr\u00e9ation 2009 &nbsp; Pi\u00e8ce chor\u00e9graphique pour une danseuse et un musicien &nbsp; WOUSSOU\u00a0signifie m\u00e9lancolie en cor\u00e9en\u2026 Sentiment auquel nous avons tous \u00e9t\u00e9 confront\u00e9s\u00a0\u00a0et qui pourtant prend une forme diff\u00e9rente selon ce que nous sommes ou avons \u00e9t\u00e9. Etat paradoxal aux colorations multiples [...]","protected":false},"author":1,"featured_media":0,"parent":0,"menu_order":0,"comment_status":"closed","ping_status":"closed","template":"","meta":{"footnotes":""},"yoast_head":"<!-- This site is optimized with the Yoast SEO plugin v21.5 - https:\/\/yoast.com\/wordpress\/plugins\/seo\/ -->\n<title>Accueil &#8226; Compagnie Komusin<\/title>\n<meta name=\"robots\" content=\"index, follow, max-snippet:-1, max-image-preview:large, max-video-preview:-1\" \/>\n<link rel=\"canonical\" href=\"https:\/\/www.compagnie-komusin.com\/\" \/>\n<meta property=\"og:locale\" content=\"fr_FR\" \/>\n<meta property=\"og:type\" content=\"article\" \/>\n<meta property=\"og:title\" content=\"Accueil &#8226; Compagnie Komusin\" \/>\n<meta property=\"og:url\" content=\"https:\/\/www.compagnie-komusin.com\/\" \/>\n<meta property=\"og:site_name\" content=\"Compagnie Komusin\" \/>\n<meta property=\"article:publisher\" content=\"https:\/\/www.facebook.com\/komusin\/\" \/>\n<meta property=\"article:modified_time\" content=\"2025-09-15T12:57:44+00:00\" \/>\n<meta name=\"twitter:card\" content=\"summary_large_image\" \/>\n<meta name=\"twitter:label1\" content=\"Dur\u00e9e de lecture estim\u00e9e\" \/>\n\t<meta name=\"twitter:data1\" content=\"1 minute\" \/>\n<script type=\"application\/ld+json\" class=\"yoast-schema-graph\">{\"@context\":\"https:\/\/schema.org\",\"@graph\":[{\"@type\":\"WebPage\",\"@id\":\"https:\/\/www.compagnie-komusin.com\/\",\"url\":\"https:\/\/www.compagnie-komusin.com\/\",\"name\":\"Accueil &#8226; Compagnie Komusin\",\"isPartOf\":{\"@id\":\"https:\/\/www.compagnie-komusin.com\/#website\"},\"datePublished\":\"2016-06-23T12:08:34+00:00\",\"dateModified\":\"2025-09-15T12:57:44+00:00\",\"breadcrumb\":{\"@id\":\"https:\/\/www.compagnie-komusin.com\/#breadcrumb\"},\"inLanguage\":\"fr-FR\",\"potentialAction\":[{\"@type\":\"ReadAction\",\"target\":[\"https:\/\/www.compagnie-komusin.com\/\"]}]},{\"@type\":\"BreadcrumbList\",\"@id\":\"https:\/\/www.compagnie-komusin.com\/#breadcrumb\",\"itemListElement\":[{\"@type\":\"ListItem\",\"position\":1,\"name\":\"Accueil\",\"item\":\"https:\/\/www.compagnie-komusin.com\/\"},{\"@type\":\"ListItem\",\"position\":2,\"name\":\"Accueil\"}]},{\"@type\":\"WebSite\",\"@id\":\"https:\/\/www.compagnie-komusin.com\/#website\",\"url\":\"https:\/\/www.compagnie-komusin.com\/\",\"name\":\"Compagnie Komusin\",\"description\":\"Fond\u00e9e en 2009, la Compagnie Komusin produit des cr\u00e9ations chor\u00e9graphiques avec la chor\u00e9graphe et danseuse Eun-young Lee.\",\"publisher\":{\"@id\":\"https:\/\/www.compagnie-komusin.com\/#organization\"},\"potentialAction\":[{\"@type\":\"SearchAction\",\"target\":{\"@type\":\"EntryPoint\",\"urlTemplate\":\"https:\/\/www.compagnie-komusin.com\/?s={search_term_string}\"},\"query-input\":\"required name=search_term_string\"}],\"inLanguage\":\"fr-FR\"},{\"@type\":\"Organization\",\"@id\":\"https:\/\/www.compagnie-komusin.com\/#organization\",\"name\":\"Compagnie Komusin\",\"url\":\"https:\/\/www.compagnie-komusin.com\/\",\"logo\":{\"@type\":\"ImageObject\",\"inLanguage\":\"fr-FR\",\"@id\":\"https:\/\/www.compagnie-komusin.com\/#\/schema\/logo\/image\/\",\"url\":\"https:\/\/www.compagnie-komusin.com\/wp-content\/uploads\/2019\/03\/KOMUSIN-LOGO-handwriting--e1552319840933.png\",\"contentUrl\":\"https:\/\/www.compagnie-komusin.com\/wp-content\/uploads\/2019\/03\/KOMUSIN-LOGO-handwriting--e1552319840933.png\",\"width\":600,\"height\":147,\"caption\":\"Compagnie Komusin\"},\"image\":{\"@id\":\"https:\/\/www.compagnie-komusin.com\/#\/schema\/logo\/image\/\"},\"sameAs\":[\"https:\/\/www.facebook.com\/komusin\/\"]}]}<\/script>\n<!-- \/ Yoast SEO plugin. -->","yoast_head_json":{"title":"Accueil &#8226; Compagnie Komusin","robots":{"index":"index","follow":"follow","max-snippet":"max-snippet:-1","max-image-preview":"max-image-preview:large","max-video-preview":"max-video-preview:-1"},"canonical":"https:\/\/www.compagnie-komusin.com\/","og_locale":"fr_FR","og_type":"article","og_title":"Accueil &#8226; Compagnie Komusin","og_url":"https:\/\/www.compagnie-komusin.com\/","og_site_name":"Compagnie Komusin","article_publisher":"https:\/\/www.facebook.com\/komusin\/","article_modified_time":"2025-09-15T12:57:44+00:00","twitter_card":"summary_large_image","twitter_misc":{"Dur\u00e9e de lecture estim\u00e9e":"1 minute"},"schema":{"@context":"https:\/\/schema.org","@graph":[{"@type":"WebPage","@id":"https:\/\/www.compagnie-komusin.com\/","url":"https:\/\/www.compagnie-komusin.com\/","name":"Accueil &#8226; Compagnie Komusin","isPartOf":{"@id":"https:\/\/www.compagnie-komusin.com\/#website"},"datePublished":"2016-06-23T12:08:34+00:00","dateModified":"2025-09-15T12:57:44+00:00","breadcrumb":{"@id":"https:\/\/www.compagnie-komusin.com\/#breadcrumb"},"inLanguage":"fr-FR","potentialAction":[{"@type":"ReadAction","target":["https:\/\/www.compagnie-komusin.com\/"]}]},{"@type":"BreadcrumbList","@id":"https:\/\/www.compagnie-komusin.com\/#breadcrumb","itemListElement":[{"@type":"ListItem","position":1,"name":"Accueil","item":"https:\/\/www.compagnie-komusin.com\/"},{"@type":"ListItem","position":2,"name":"Accueil"}]},{"@type":"WebSite","@id":"https:\/\/www.compagnie-komusin.com\/#website","url":"https:\/\/www.compagnie-komusin.com\/","name":"Compagnie Komusin","description":"Fond\u00e9e en 2009, la Compagnie Komusin produit des cr\u00e9ations chor\u00e9graphiques avec la chor\u00e9graphe et danseuse Eun-young Lee.","publisher":{"@id":"https:\/\/www.compagnie-komusin.com\/#organization"},"potentialAction":[{"@type":"SearchAction","target":{"@type":"EntryPoint","urlTemplate":"https:\/\/www.compagnie-komusin.com\/?s={search_term_string}"},"query-input":"required name=search_term_string"}],"inLanguage":"fr-FR"},{"@type":"Organization","@id":"https:\/\/www.compagnie-komusin.com\/#organization","name":"Compagnie Komusin","url":"https:\/\/www.compagnie-komusin.com\/","logo":{"@type":"ImageObject","inLanguage":"fr-FR","@id":"https:\/\/www.compagnie-komusin.com\/#\/schema\/logo\/image\/","url":"https:\/\/www.compagnie-komusin.com\/wp-content\/uploads\/2019\/03\/KOMUSIN-LOGO-handwriting--e1552319840933.png","contentUrl":"https:\/\/www.compagnie-komusin.com\/wp-content\/uploads\/2019\/03\/KOMUSIN-LOGO-handwriting--e1552319840933.png","width":600,"height":147,"caption":"Compagnie Komusin"},"image":{"@id":"https:\/\/www.compagnie-komusin.com\/#\/schema\/logo\/image\/"},"sameAs":["https:\/\/www.facebook.com\/komusin\/"]}]}},"_links":{"self":[{"href":"https:\/\/www.compagnie-komusin.com\/index.php\/wp-json\/wp\/v2\/pages\/179"}],"collection":[{"href":"https:\/\/www.compagnie-komusin.com\/index.php\/wp-json\/wp\/v2\/pages"}],"about":[{"href":"https:\/\/www.compagnie-komusin.com\/index.php\/wp-json\/wp\/v2\/types\/page"}],"author":[{"embeddable":true,"href":"https:\/\/www.compagnie-komusin.com\/index.php\/wp-json\/wp\/v2\/users\/1"}],"replies":[{"embeddable":true,"href":"https:\/\/www.compagnie-komusin.com\/index.php\/wp-json\/wp\/v2\/comments?post=179"}],"version-history":[{"count":235,"href":"https:\/\/www.compagnie-komusin.com\/index.php\/wp-json\/wp\/v2\/pages\/179\/revisions"}],"predecessor-version":[{"id":3876,"href":"https:\/\/www.compagnie-komusin.com\/index.php\/wp-json\/wp\/v2\/pages\/179\/revisions\/3876"}],"wp:attachment":[{"href":"https:\/\/www.compagnie-komusin.com\/index.php\/wp-json\/wp\/v2\/media?parent=179"}],"curies":[{"name":"wp","href":"https:\/\/api.w.org\/{rel}","templated":true}]}}